{"id":96,"date":"2021-09-22T19:21:09","date_gmt":"2021-09-22T17:21:09","guid":{"rendered":"https:\/\/espaidinversions.com\/?page_id=96"},"modified":"2022-02-08T16:41:17","modified_gmt":"2022-02-08T15:41:17","slug":"aviso-legal","status":"publish","type":"page","link":"https:\/\/espaidinversions.com\/es\/aviso-legal\/","title":{"rendered":"Aviso legal"},"content":{"rendered":"\n<p>Bienvenido a la p\u00e1gina web de ESPAI D\u2019INVERSIONS.<\/p>\n\n\n\n<p>A continuaci\u00f3n, le exponemos las condiciones de uso de esta p\u00e1gina web. La navegaci\u00f3n por esta p\u00e1gina web le otorga el rol de usuario de la misma y, por tanto, acepta las cl\u00e1usulas detalladas en este documento.<\/p>\n\n\n\n<p><strong>IDENTIFICACI\u00d3N<\/strong><\/p>\n\n\n\n<p>De conformidad con lo que dispone el art\u00edculo 10 de la Ley 34\/2002, de 11 de julio, de Servicios de Sociedad de la Informaci\u00f3n y Comercio Electr\u00f3nico, se informa que https:\/\/www.espaidinversions.com\/ es un dominio de la empresa Espai d\u2019Inversions 2005, SL con domicilio social en calle Rossell\u00f3, 216 Planta 14, 08008 Barcelona. Tel\u00e9fono +34 932703554 y mail info@espaidinversions.com<\/p>\n\n\n\n<p>La sociedad se denomina Espai d\u2019Inversions 2005, SL con CIF: B64049257 que figura inscrita en el Registro Mercantil de Barcelona, Tomo 44857, Folio 162, Hoja B-323.218 .<\/p>\n\n\n\n<p><strong>NORMAS DE UTILIZACI\u00d3N<\/strong><\/p>\n\n\n\n<p>El Usuario se compromete a hacer un uso adecuado y l\u00edcito del sitio web as\u00ed como de los contenidos y servicios, de conformidad con la legislaci\u00f3n aplicable en cada momento, la moral y buenas costumbres generalmente aceptadas y el orden p\u00fablico.<\/p>\n\n\n\n<p>Queda prohibido realizar, por su parte, cualquier acci\u00f3n que pueda provocar alteraciones de los contenidos de esta web o un mal funcionamiento de la misma, incluyendo la introducci\u00f3n de virus o similares.<\/p>\n\n\n\n<p><strong>PROPIEDAD INTELECTUAL<\/strong><\/p>\n\n\n\n<p>Las p\u00e1ginas de la web y la informaci\u00f3n o los elementos que contiene, incluyen textos, documentos, fotograf\u00edas, dibujos, representaciones gr\u00e1ficas, bases de datos, v\u00eddeos y tambi\u00e9n logotipos, marcas, nombres comerciales, u otros signos distintivos, est\u00e1n protegidos por derechos de propiedad intelectual o industrial, de los cuales Espai d\u2019Inversions 2005, SL es titular o licenciataria leg\u00edtima.<\/p>\n\n\n\n<p>Queda prohibida cualquier modalidad de explotaci\u00f3n, incluyendo cualquier tipo de reproducci\u00f3n, distribuci\u00f3n, cesi\u00f3n a terceros, comunicaci\u00f3n p\u00fablica y transformaci\u00f3n, mediante cualquier tipo de apoyo y medio, sin la autorizaci\u00f3n previa y expresa.<\/p>\n\n\n\n<p><strong>RESPONSABILIDAD<\/strong><\/p>\n\n\n\n<p>Nuestra intenci\u00f3n es la de ofrecer un sitio web que ofrezca un funcionamiento continuado y de m\u00e1xima calidad.<\/p>\n\n\n\n<p>De todas formas, le informamos que no podemos garantizar el acceso continuado, y que las p\u00e1ginas se puedan encontrar impedidas, o interrumpidas por factores o circunstancias ajenas a nuestra voluntad.<\/p>\n\n\n\n<p>Espai d\u2019Inversions 2005, SL no es responsable de la informaci\u00f3n y otros contenidos integrados en espacios o p\u00e1ginas web de terceros accesibles mediante enlaces, hiperv\u00ednculos o links.<\/p>\n\n\n\n<p>Espai d\u2019Inversions 2005, SL no se hace responsable de los perjuicios que se pudieran derivar, entre otros, de:<\/p>\n\n\n\n<ul class=\"wp-block-list\"><li>Interferencias, interrupciones, fallos, omisiones, aver\u00edas telef\u00f3nicas, retrasos, bloqueos o desconexiones en el funcionamiento del sistema electr\u00f3nico, motivadas por deficiencias, sobrecargas y errores en las l\u00edneas y redes de telecomunicaciones<\/li><li>Intromisiones ileg\u00edtimas mediante el uso de programas malignos de cualquier tipo y a trav\u00e9s de cualquier medio de comunicaci\u00f3n.<\/li><li>Uso indebido o inadecuado del sitio web.<\/li><li>Errores producidos por un mal funcionamiento del navegador o por el uso de versiones no actualizadas del mismo.<\/li><\/ul>\n\n\n\n<p><br>EL usuario, en caso de causar da\u00f1os y perjuicios por un uso il\u00edcito o incorrecto de este sitio web, podr\u00e1 ser reclamado de los da\u00f1os o perjuicios causados.<\/p>\n\n\n\n<p>Asimismo, el usuario responder\u00e1 frente a cualquier da\u00f1o y perjuicio, que se derive del uso por su parte de \u201crobots\u201d, \u201cspiders\u201d\u2026 o herramientas similares empleadas con el fin de recabar o extraer datos o de cualquier otra actuaci\u00f3n por su parte que imponga una carga irrazonable sobre el funcionamiento del sitio web.<\/p>\n\n\n\n<p><strong>LEGISLACI\u00d3N<\/strong><\/p>\n\n\n\n<p>Para la resoluci\u00f3n de cualquier conflicto que pueda surgir con ocasi\u00f3n de la visita a nuestra web aconsejamos que se contacte directamente con nosotros a trav\u00e9s de los datos de contacto que ofrecemos exponiendo su caso, con la finalidad de llegar a un acuerdo amistoso entre las dos partes.<\/p>\n\n\n\n<p>En caso contrario, la ley aplicable en caso de disputa o conflicto de interpretaci\u00f3n de los t\u00e9rminos que conforman este aviso legal, as\u00ed como cualquier cuesti\u00f3n relacionada con los servicios y productos del presente portal, ser\u00e1 la ley espa\u00f1ola.<\/p>\n\n\n\n<p>Nuestra empresa y el Usuario acuerdan someterse a los Jueces y Tribunales de domicilio del Usuario, siempre que el mismo est\u00e9 situado en territorio espa\u00f1ol y act\u00fae en condici\u00f3n de consumidor.<\/p>\n","protected":false},"excerpt":{"rendered":"<p>Bienvenido a la p\u00e1gina web de ESPAI D\u2019INVERSIONS. A continuaci\u00f3n, le exponemos las condiciones de uso de esta p\u00e1gina web. La navegaci\u00f3n por esta p\u00e1gina web le otorga el rol de usuario de la misma y, por tanto, acepta las cl\u00e1usulas detalladas en este documento. IDENTIFICACI\u00d3N De conformidad con lo que dispone el art\u00edculo 10 [&hellip;]<\/p>\n","protected":false},"author":1,"featured_media":0,"parent":0,"menu_order":0,"comment_status":"closed","ping_status":"closed","template":"","meta":{"_acf_changed":false,"footnotes":""},"class_list":["post-96","page","type-page","status-publish","hentry"],"acf":[],"yoast_head":"<!-- This site is optimized with the Yoast SEO plugin v27.4 - https:\/\/yoast.com\/product\/yoast-seo-wordpress\/ -->\n<title>Aviso legal | Espai d&#039;Inversions | Family Office Catal\u00e0 amb car\u00e0cter emprenedor<\/title>\n<meta name=\"robots\" content=\"noindex, follow\" \/>\n<meta property=\"og:locale\" content=\"es_ES\" \/>\n<meta property=\"og:type\" content=\"article\" \/>\n<meta property=\"og:title\" content=\"Aviso legal | Espai d&#039;Inversions | Family Office Catal\u00e0 amb car\u00e0cter emprenedor\" \/>\n<meta property=\"og:description\" content=\"Bienvenido a la p\u00e1gina web de ESPAI D\u2019INVERSIONS. A continuaci\u00f3n, le exponemos las condiciones de uso de esta p\u00e1gina web. La navegaci\u00f3n por esta p\u00e1gina web le otorga el rol de usuario de la misma y, por tanto, acepta las cl\u00e1usulas detalladas en este documento. IDENTIFICACI\u00d3N De conformidad con lo que dispone el art\u00edculo 10 [&hellip;]\" \/>\n<meta property=\"og:url\" content=\"https:\/\/espaidinversions.com\/es\/aviso-legal\/\" \/>\n<meta property=\"og:site_name\" content=\"Espai d&#039;Inversions\" \/>\n<meta property=\"article:modified_time\" content=\"2022-02-08T15:41:17+00:00\" \/>\n<meta name=\"twitter:card\" content=\"summary_large_image\" \/>\n<meta name=\"twitter:label1\" content=\"Tiempo de lectura\" \/>\n\t<meta name=\"twitter:data1\" content=\"4 minutos\" \/>\n<script type=\"application\/ld+json\" class=\"yoast-schema-graph\">{\"@context\":\"https:\\\/\\\/schema.org\",\"@graph\":[{\"@type\":\"WebPage\",\"@id\":\"https:\\\/\\\/espaidinversions.com\\\/es\\\/aviso-legal\\\/\",\"url\":\"https:\\\/\\\/espaidinversions.com\\\/es\\\/aviso-legal\\\/\",\"name\":\"Aviso legal | Espai d&#039;Inversions | Family Office Catal\u00e0 amb car\u00e0cter emprenedor\",\"isPartOf\":{\"@id\":\"https:\\\/\\\/espaidinversions.com\\\/es\\\/#website\"},\"datePublished\":\"2021-09-22T17:21:09+00:00\",\"dateModified\":\"2022-02-08T15:41:17+00:00\",\"breadcrumb\":{\"@id\":\"https:\\\/\\\/espaidinversions.com\\\/es\\\/aviso-legal\\\/#breadcrumb\"},\"inLanguage\":\"es\",\"potentialAction\":[{\"@type\":\"ReadAction\",\"target\":[\"https:\\\/\\\/espaidinversions.com\\\/es\\\/aviso-legal\\\/\"]}]},{\"@type\":\"BreadcrumbList\",\"@id\":\"https:\\\/\\\/espaidinversions.com\\\/es\\\/aviso-legal\\\/#breadcrumb\",\"itemListElement\":[{\"@type\":\"ListItem\",\"position\":1,\"name\":\"Inici\",\"item\":\"https:\\\/\\\/espaidinversions.com\\\/es\\\/\"},{\"@type\":\"ListItem\",\"position\":2,\"name\":\"Aviso legal\"}]},{\"@type\":\"WebSite\",\"@id\":\"https:\\\/\\\/espaidinversions.com\\\/es\\\/#website\",\"url\":\"https:\\\/\\\/espaidinversions.com\\\/es\\\/\",\"name\":\"Espai d&#039;Inversions\",\"description\":\"Family Office Catal\u00e0 amb car\u00e0cter emprenedor\",\"publisher\":{\"@id\":\"https:\\\/\\\/espaidinversions.com\\\/es\\\/#organization\"},\"potentialAction\":[{\"@type\":\"SearchAction\",\"target\":{\"@type\":\"EntryPoint\",\"urlTemplate\":\"https:\\\/\\\/espaidinversions.com\\\/es\\\/?s={search_term_string}\"},\"query-input\":{\"@type\":\"PropertyValueSpecification\",\"valueRequired\":true,\"valueName\":\"search_term_string\"}}],\"inLanguage\":\"es\"},{\"@type\":\"Organization\",\"@id\":\"https:\\\/\\\/espaidinversions.com\\\/es\\\/#organization\",\"name\":\"Espai d'Inversions\",\"url\":\"https:\\\/\\\/espaidinversions.com\\\/es\\\/\",\"logo\":{\"@type\":\"ImageObject\",\"inLanguage\":\"es\",\"@id\":\"https:\\\/\\\/espaidinversions.com\\\/es\\\/#\\\/schema\\\/logo\\\/image\\\/\",\"url\":\"https:\\\/\\\/espaidinversions.com\\\/es\\\/wp-content\\\/uploads\\\/sites\\\/2\\\/cropped-Espais-dinversions_Favicon.png\",\"contentUrl\":\"https:\\\/\\\/espaidinversions.com\\\/es\\\/wp-content\\\/uploads\\\/sites\\\/2\\\/cropped-Espais-dinversions_Favicon.png\",\"width\":513,\"height\":512,\"caption\":\"Espai d'Inversions\"},\"image\":{\"@id\":\"https:\\\/\\\/espaidinversions.com\\\/es\\\/#\\\/schema\\\/logo\\\/image\\\/\"}}]}<\/script>\n<!-- \/ Yoast SEO plugin. -->","yoast_head_json":{"title":"Aviso legal | Espai d&#039;Inversions | Family Office Catal\u00e0 amb car\u00e0cter emprenedor","robots":{"index":"noindex","follow":"follow"},"og_locale":"es_ES","og_type":"article","og_title":"Aviso legal | Espai d&#039;Inversions | Family Office Catal\u00e0 amb car\u00e0cter emprenedor","og_description":"Bienvenido a la p\u00e1gina web de ESPAI D\u2019INVERSIONS. A continuaci\u00f3n, le exponemos las condiciones de uso de esta p\u00e1gina web. La navegaci\u00f3n por esta p\u00e1gina web le otorga el rol de usuario de la misma y, por tanto, acepta las cl\u00e1usulas detalladas en este documento. IDENTIFICACI\u00d3N De conformidad con lo que dispone el art\u00edculo 10 [&hellip;]","og_url":"https:\/\/espaidinversions.com\/es\/aviso-legal\/","og_site_name":"Espai d&#039;Inversions","article_modified_time":"2022-02-08T15:41:17+00:00","twitter_card":"summary_large_image","twitter_misc":{"Tiempo de lectura":"4 minutos"},"schema":{"@context":"https:\/\/schema.org","@graph":[{"@type":"WebPage","@id":"https:\/\/espaidinversions.com\/es\/aviso-legal\/","url":"https:\/\/espaidinversions.com\/es\/aviso-legal\/","name":"Aviso legal | Espai d&#039;Inversions | Family Office Catal\u00e0 amb car\u00e0cter emprenedor","isPartOf":{"@id":"https:\/\/espaidinversions.com\/es\/#website"},"datePublished":"2021-09-22T17:21:09+00:00","dateModified":"2022-02-08T15:41:17+00:00","breadcrumb":{"@id":"https:\/\/espaidinversions.com\/es\/aviso-legal\/#breadcrumb"},"inLanguage":"es","potentialAction":[{"@type":"ReadAction","target":["https:\/\/espaidinversions.com\/es\/aviso-legal\/"]}]},{"@type":"BreadcrumbList","@id":"https:\/\/espaidinversions.com\/es\/aviso-legal\/#breadcrumb","itemListElement":[{"@type":"ListItem","position":1,"name":"Inici","item":"https:\/\/espaidinversions.com\/es\/"},{"@type":"ListItem","position":2,"name":"Aviso legal"}]},{"@type":"WebSite","@id":"https:\/\/espaidinversions.com\/es\/#website","url":"https:\/\/espaidinversions.com\/es\/","name":"Espai d&#039;Inversions","description":"Family Office Catal\u00e0 amb car\u00e0cter emprenedor","publisher":{"@id":"https:\/\/espaidinversions.com\/es\/#organization"},"potentialAction":[{"@type":"SearchAction","target":{"@type":"EntryPoint","urlTemplate":"https:\/\/espaidinversions.com\/es\/?s={search_term_string}"},"query-input":{"@type":"PropertyValueSpecification","valueRequired":true,"valueName":"search_term_string"}}],"inLanguage":"es"},{"@type":"Organization","@id":"https:\/\/espaidinversions.com\/es\/#organization","name":"Espai d'Inversions","url":"https:\/\/espaidinversions.com\/es\/","logo":{"@type":"ImageObject","inLanguage":"es","@id":"https:\/\/espaidinversions.com\/es\/#\/schema\/logo\/image\/","url":"https:\/\/espaidinversions.com\/es\/wp-content\/uploads\/sites\/2\/cropped-Espais-dinversions_Favicon.png","contentUrl":"https:\/\/espaidinversions.com\/es\/wp-content\/uploads\/sites\/2\/cropped-Espais-dinversions_Favicon.png","width":513,"height":512,"caption":"Espai d'Inversions"},"image":{"@id":"https:\/\/espaidinversions.com\/es\/#\/schema\/logo\/image\/"}}]}},"_links":{"self":[{"href":"https:\/\/espaidinversions.com\/es\/wp-json\/wp\/v2\/pages\/96","targetHints":{"allow":["GET"]}}],"collection":[{"href":"https:\/\/espaidinversions.com\/es\/wp-json\/wp\/v2\/pages"}],"about":[{"href":"https:\/\/espaidinversions.com\/es\/wp-json\/wp\/v2\/types\/page"}],"author":[{"embeddable":true,"href":"https:\/\/espaidinversions.com\/es\/wp-json\/wp\/v2\/users\/1"}],"replies":[{"embeddable":true,"href":"https:\/\/espaidinversions.com\/es\/wp-json\/wp\/v2\/comments?post=96"}],"version-history":[{"count":6,"href":"https:\/\/espaidinversions.com\/es\/wp-json\/wp\/v2\/pages\/96\/revisions"}],"predecessor-version":[{"id":684,"href":"https:\/\/espaidinversions.com\/es\/wp-json\/wp\/v2\/pages\/96\/revisions\/684"}],"wp:attachment":[{"href":"https:\/\/espaidinversions.com\/es\/wp-json\/wp\/v2\/media?parent=96"}],"curies":[{"name":"wp","href":"https:\/\/api.w.org\/{rel}","templated":true}]}}