{"id":2,"date":"2021-09-22T11:39:48","date_gmt":"2021-09-22T11:39:48","guid":{"rendered":"https:\/\/espaidinversions.com\/?page_id=2"},"modified":"2022-03-23T19:42:37","modified_gmt":"2022-03-23T18:42:37","slug":"pagina-ejemplo","status":"publish","type":"page","link":"https:\/\/espaidinversions.com\/es\/","title":{"rendered":"Inicio"},"content":{"rendered":"\t\t<div data-elementor-type=\"wp-page\" data-elementor-id=\"2\" class=\"elementor elementor-2\" data-elementor-post-type=\"page\">\n\t\t\t\t\t\t<section class=\"elementor-section elementor-top-section elementor-element elementor-element-9772526 elementor-section-full_width elementor-section-height-min-height animated-slow elementor-section-height-default elementor-section-items-middle elementor-invisible\" data-id=\"9772526\" data-element_type=\"section\" data-e-type=\"section\" data-settings=\"{&quot;background_background&quot;:&quot;classic&quot;,&quot;animation&quot;:&quot;fadeIn&quot;}\">\n\t\t\t\t\t\t<div class=\"elementor-container elementor-column-gap-default\">\n\t\t\t\t\t<div class=\"elementor-column elementor-col-100 elementor-top-column elementor-element elementor-element-03856a9\" data-id=\"03856a9\" data-element_type=\"column\" data-e-type=\"column\">\n\t\t\t<div class=\"elementor-widget-wrap elementor-element-populated\">\n\t\t\t\t\t\t<div class=\"elementor-element elementor-element-80ca471 elementor-widget elementor-widget-heading\" data-id=\"80ca471\" data-element_type=\"widget\" data-e-type=\"widget\" data-widget_type=\"heading.default\">\n\t\t\t\t<div class=\"elementor-widget-container\">\n\t\t\t\t\t<h1 class=\"elementor-heading-title elementor-size-default\"><a href=\"https:\/\/espaidinversions.com\/es\/espai-inversions\/\">Espai d'Inversions<\/a><\/h1>\t\t\t\t<\/div>\n\t\t\t\t<\/div>\n\t\t\t\t<div class=\"elementor-element elementor-element-8aa84de elementor-widget elementor-widget-heading\" data-id=\"8aa84de\" data-element_type=\"widget\" data-e-type=\"widget\" data-widget_type=\"heading.default\">\n\t\t\t\t<div class=\"elementor-widget-container\">\n\t\t\t\t\t<h2 class=\"elementor-heading-title elementor-size-default\"><a href=\"https:\/\/espaidinversions.com\/es\/espai-inversions\/\">Family Office Catal\u00e1n<br> con car\u00e1cter emprendedor<\/a><\/h2>\t\t\t\t<\/div>\n\t\t\t\t<\/div>\n\t\t\t\t\t<\/div>\n\t\t<\/div>\n\t\t\t\t\t<\/div>\n\t\t<\/section>\n\t\t\t\t<section class=\"elementor-section elementor-top-section elementor-element elementor-element-08350a8 animated-slow elementor-section-boxed elementor-section-height-default elementor-section-height-default elementor-invisible\" data-id=\"08350a8\" data-element_type=\"section\" data-e-type=\"section\" data-settings=\"{&quot;animation&quot;:&quot;fadeIn&quot;,&quot;animation_delay&quot;:200}\">\n\t\t\t\t\t\t<div class=\"elementor-container elementor-column-gap-default\">\n\t\t\t\t\t<div class=\"elementor-column elementor-col-33 elementor-top-column elementor-element elementor-element-08ddca9\" data-id=\"08ddca9\" data-element_type=\"column\" data-e-type=\"column\">\n\t\t\t<div class=\"elementor-widget-wrap elementor-element-populated\">\n\t\t\t\t\t\t<div class=\"elementor-element elementor-element-6c28dee elementor-widget elementor-widget-image\" data-id=\"6c28dee\" data-element_type=\"widget\" data-e-type=\"widget\" data-widget_type=\"image.default\">\n\t\t\t\t<div class=\"elementor-widget-container\">\n\t\t\t\t\t\t\t\t\t\t\t\t\t\t\t<img decoding=\"async\" width=\"83\" height=\"5\" src=\"https:\/\/espaidinversions.com\/es\/wp-content\/uploads\/sites\/2\/Espais-Dinversions_Barra-Separadora.svg\" class=\"attachment-full size-full wp-image-66\" alt=\"\" \/>\t\t\t\t\t\t\t\t\t\t\t\t\t\t\t<\/div>\n\t\t\t\t<\/div>\n\t\t\t\t<div class=\"elementor-element elementor-element-4b741a2 elementor-widget elementor-widget-heading\" data-id=\"4b741a2\" data-element_type=\"widget\" data-e-type=\"widget\" data-widget_type=\"heading.default\">\n\t\t\t\t<div class=\"elementor-widget-container\">\n\t\t\t\t\t<span class=\"elementor-heading-title elementor-size-default\">ESPAI D\u2019INVERSIONS<\/span>\t\t\t\t<\/div>\n\t\t\t\t<\/div>\n\t\t\t\t<div class=\"elementor-element elementor-element-ca2ac94 txt_ample_380 elementor-widget elementor-widget-text-editor\" data-id=\"ca2ac94\" data-element_type=\"widget\" data-e-type=\"widget\" data-widget_type=\"text-editor.default\">\n\t\t\t\t<div class=\"elementor-widget-container\">\n\t\t\t\t\t\t\t\t\t<p>Invertimos en empresas que generan valor para la sociedad y con visi\u00f3n a largo plazo.<\/p>\t\t\t\t\t\t\t\t<\/div>\n\t\t\t\t<\/div>\n\t\t\t\t\t<\/div>\n\t\t<\/div>\n\t\t\t\t<div class=\"elementor-column elementor-col-33 elementor-top-column elementor-element elementor-element-0215420\" data-id=\"0215420\" data-element_type=\"column\" data-e-type=\"column\">\n\t\t\t<div class=\"elementor-widget-wrap elementor-element-populated\">\n\t\t\t\t\t\t<div class=\"elementor-element elementor-element-8645302 elementor-widget elementor-widget-text-editor\" data-id=\"8645302\" data-element_type=\"widget\" data-e-type=\"widget\" data-widget_type=\"text-editor.default\">\n\t\t\t\t<div class=\"elementor-widget-container\">\n\t\t\t\t\t\t\t\t\t<p>Nuestra experiencia empresarial como cofundadores y directivos del Grupo Bon Preu &#8211; Esclat, nos ha demostrado la importancia de las personas que trabajan con visi\u00f3n a largo plazo, valores y compromiso. Acompa\u00f1amos a empresas y a emprendedores, con inversi\u00f3n en empresas as\u00ed como en activos inmobiliarios dedicados a actividades empresariales.<\/p>\t\t\t\t\t\t\t\t<\/div>\n\t\t\t\t<\/div>\n\t\t\t\t\t<\/div>\n\t\t<\/div>\n\t\t\t\t<div class=\"elementor-column elementor-col-33 elementor-top-column elementor-element elementor-element-f3c831f amagar3acolumna\" data-id=\"f3c831f\" data-element_type=\"column\" data-e-type=\"column\">\n\t\t\t<div class=\"elementor-widget-wrap\">\n\t\t\t\t\t\t\t<\/div>\n\t\t<\/div>\n\t\t\t\t\t<\/div>\n\t\t<\/section>\n\t\t\t\t<section class=\"elementor-section elementor-top-section elementor-element elementor-element-fd40dbd elementor-section-full_width elementor-section-height-min-height elementor-section-items-stretch animated-slow elementor-section-height-default elementor-invisible\" data-id=\"fd40dbd\" data-element_type=\"section\" data-e-type=\"section\" data-settings=\"{&quot;animation&quot;:&quot;fadeIn&quot;,&quot;animation_delay&quot;:300}\">\n\t\t\t\t\t\t<div class=\"elementor-container elementor-column-gap-default\">\n\t\t\t\t\t<div class=\"elementor-column elementor-col-50 elementor-top-column elementor-element elementor-element-1bfaaf5\" data-id=\"1bfaaf5\" data-element_type=\"column\" data-e-type=\"column\" data-settings=\"{&quot;background_background&quot;:&quot;classic&quot;}\">\n\t\t\t<div class=\"elementor-widget-wrap elementor-element-populated\">\n\t\t\t\t\t\t<div class=\"elementor-element elementor-element-0dd8cf9 elementor-widget elementor-widget-image\" data-id=\"0dd8cf9\" data-element_type=\"widget\" data-e-type=\"widget\" data-widget_type=\"image.default\">\n\t\t\t\t<div class=\"elementor-widget-container\">\n\t\t\t\t\t\t\t\t\t\t\t\t\t\t\t\t<a href=\"https:\/\/espaidinversions.com\/turtle-capital\/\">\n\t\t\t\t\t\t\t<img decoding=\"async\" width=\"250\" height=\"59\" src=\"https:\/\/espaidinversions.com\/es\/wp-content\/uploads\/sites\/2\/Espais-Dinversions_Home_Logotip_Turtle-Capital_Negatiu.svg\" class=\"attachment-full size-full wp-image-73\" alt=\"\" \/>\t\t\t\t\t\t\t\t<\/a>\n\t\t\t\t\t\t\t\t\t\t\t\t\t\t\t<\/div>\n\t\t\t\t<\/div>\n\t\t\t\t<div class=\"elementor-element elementor-element-fedd230 txt_ample661 elementor-widget elementor-widget-text-editor\" data-id=\"fedd230\" data-element_type=\"widget\" data-e-type=\"widget\" data-widget_type=\"text-editor.default\">\n\t\t\t\t<div class=\"elementor-widget-container\">\n\t\t\t\t\t\t\t\t\t<p>Buscamos emprendedores con negocios escalables y sostenibles. Invertimos en Venture Capital y en Private Equity aportando capital y Know-How.<\/p>\t\t\t\t\t\t\t\t<\/div>\n\t\t\t\t<\/div>\n\t\t\t\t<div class=\"elementor-element elementor-element-2693faa elementor-widget elementor-widget-heading\" data-id=\"2693faa\" data-element_type=\"widget\" data-e-type=\"widget\" data-widget_type=\"heading.default\">\n\t\t\t\t<div class=\"elementor-widget-container\">\n\t\t\t\t\t<span class=\"elementor-heading-title elementor-size-default\"><a href=\"https:\/\/espaidinversions.com\/es\/turtle-capital\/\">Ver m\u00e1s<\/a><\/span>\t\t\t\t<\/div>\n\t\t\t\t<\/div>\n\t\t\t\t\t<\/div>\n\t\t<\/div>\n\t\t\t\t<div class=\"elementor-column elementor-col-50 elementor-top-column elementor-element elementor-element-8cd87be\" data-id=\"8cd87be\" data-element_type=\"column\" data-e-type=\"column\" data-settings=\"{&quot;background_background&quot;:&quot;classic&quot;}\">\n\t\t\t<div class=\"elementor-widget-wrap elementor-element-populated\">\n\t\t\t\t\t\t<div class=\"elementor-element elementor-element-ea4a169 elementor-widget elementor-widget-image\" data-id=\"ea4a169\" data-element_type=\"widget\" data-e-type=\"widget\" data-widget_type=\"image.default\">\n\t\t\t\t<div class=\"elementor-widget-container\">\n\t\t\t\t\t\t\t\t\t\t\t\t\t\t\t\t<a href=\"https:\/\/espaidinversions.com\/solvic-ocean\/\">\n\t\t\t\t\t\t\t<img decoding=\"async\" width=\"250\" height=\"59\" src=\"https:\/\/espaidinversions.com\/es\/wp-content\/uploads\/sites\/2\/Espais-Dinversions_Home_Logotip_Solvic-Ocean_Negatiu.svg\" class=\"attachment-full size-full wp-image-71\" alt=\"\" \/>\t\t\t\t\t\t\t\t<\/a>\n\t\t\t\t\t\t\t\t\t\t\t\t\t\t\t<\/div>\n\t\t\t\t<\/div>\n\t\t\t\t<div class=\"elementor-element elementor-element-a5a6998 txt_ample661 elementor-widget elementor-widget-text-editor\" data-id=\"a5a6998\" data-element_type=\"widget\" data-e-type=\"widget\" data-widget_type=\"text-editor.default\">\n\t\t\t\t<div class=\"elementor-widget-container\">\n\t\t\t\t\t\t\t\t\t<p>Adquirimos activos inmobiliarios dedicados a actividades empresariales: Oficinas, locales comerciales, hoteles, residencias, entre otros\u2026<\/p>\t\t\t\t\t\t\t\t<\/div>\n\t\t\t\t<\/div>\n\t\t\t\t<div class=\"elementor-element elementor-element-f25adb7 elementor-widget elementor-widget-heading\" data-id=\"f25adb7\" data-element_type=\"widget\" data-e-type=\"widget\" data-widget_type=\"heading.default\">\n\t\t\t\t<div class=\"elementor-widget-container\">\n\t\t\t\t\t<span class=\"elementor-heading-title elementor-size-default\"><a href=\"https:\/\/espaidinversions.com\/es\/solvic-ocean\/\">Ver m\u00e1s<\/a><\/span>\t\t\t\t<\/div>\n\t\t\t\t<\/div>\n\t\t\t\t\t<\/div>\n\t\t<\/div>\n\t\t\t\t\t<\/div>\n\t\t<\/section>\n\t\t\t\t<\/div>\n\t\t","protected":false},"excerpt":{"rendered":"<p>Espai d&#8217;Inversions Family Office Catal\u00e1n con car\u00e1cter emprendedor ESPAI D\u2019INVERSIONS Invertimos en empresas que generan valor para la sociedad y con visi\u00f3n a largo plazo. Nuestra experiencia empresarial como cofundadores y directivos del Grupo Bon Preu &#8211; Esclat, nos ha demostrado la importancia de las personas que trabajan con visi\u00f3n a largo plazo, valores y [&hellip;]<\/p>\n","protected":false},"author":1,"featured_media":0,"parent":0,"menu_order":0,"comment_status":"closed","ping_status":"open","template":"","meta":{"_acf_changed":false,"footnotes":""},"class_list":["post-2","page","type-page","status-publish","hentry"],"acf":[],"yoast_head":"<!-- This site is optimized with the Yoast SEO plugin v27.5 - https:\/\/yoast.com\/product\/yoast-seo-wordpress\/ -->\n<title>Espai d&#039;Inversions | Family Office Catal\u00e0 amb car\u00e0cter emprenedor<\/title>\n<meta name=\"description\" content=\"ESPAI D\u2019INVERSIONS. Invertimos en negocios que generan valor en la sociedad con visi\u00f3n a largo plazo.\" \/>\n<meta name=\"robots\" content=\"index, follow, max-snippet:-1, max-image-preview:large, max-video-preview:-1\" \/>\n<link rel=\"canonical\" href=\"https:\/\/espaidinversions.com\/es\/\" \/>\n<meta property=\"og:locale\" content=\"es_ES\" \/>\n<meta property=\"og:type\" content=\"article\" \/>\n<meta property=\"og:title\" content=\"Espai d&#039;Inversions | Family Office Catal\u00e0 amb car\u00e0cter emprenedor\" \/>\n<meta property=\"og:description\" content=\"ESPAI D\u2019INVERSIONS. Invertimos en negocios que generan valor en la sociedad con visi\u00f3n a largo plazo.\" \/>\n<meta property=\"og:url\" content=\"https:\/\/espaidinversions.com\/es\/\" \/>\n<meta property=\"og:site_name\" content=\"Espai d&#039;Inversions\" \/>\n<meta property=\"article:modified_time\" content=\"2022-03-23T18:42:37+00:00\" \/>\n<meta property=\"og:image\" content=\"https:\/\/espaidinversions.com\/es\/wp-content\/uploads\/sites\/2\/Espais-Dinversions_Barra-Separadora.svg\" \/>\n<meta name=\"twitter:card\" content=\"summary_large_image\" \/>\n<meta name=\"twitter:label1\" content=\"Tiempo de lectura\" \/>\n\t<meta name=\"twitter:data1\" content=\"2 minutos\" \/>\n<script type=\"application\/ld+json\" class=\"yoast-schema-graph\">{\"@context\":\"https:\\\/\\\/schema.org\",\"@graph\":[{\"@type\":\"WebPage\",\"@id\":\"https:\\\/\\\/espaidinversions.com\\\/es\\\/\",\"url\":\"https:\\\/\\\/espaidinversions.com\\\/es\\\/\",\"name\":\"Espai d&#039;Inversions | Family Office Catal\u00e0 amb car\u00e0cter emprenedor\",\"isPartOf\":{\"@id\":\"https:\\\/\\\/espaidinversions.com\\\/es\\\/#website\"},\"primaryImageOfPage\":{\"@id\":\"https:\\\/\\\/espaidinversions.com\\\/es\\\/#primaryimage\"},\"image\":{\"@id\":\"https:\\\/\\\/espaidinversions.com\\\/es\\\/#primaryimage\"},\"thumbnailUrl\":\"https:\\\/\\\/espaidinversions.com\\\/es\\\/wp-content\\\/uploads\\\/sites\\\/2\\\/Espais-Dinversions_Barra-Separadora.svg\",\"datePublished\":\"2021-09-22T11:39:48+00:00\",\"dateModified\":\"2022-03-23T18:42:37+00:00\",\"description\":\"ESPAI D\u2019INVERSIONS. Invertimos en negocios que generan valor en la sociedad con visi\u00f3n a largo plazo.\",\"breadcrumb\":{\"@id\":\"https:\\\/\\\/espaidinversions.com\\\/es\\\/#breadcrumb\"},\"inLanguage\":\"es\",\"potentialAction\":[{\"@type\":\"ReadAction\",\"target\":[\"https:\\\/\\\/espaidinversions.com\\\/es\\\/\"]}]},{\"@type\":\"ImageObject\",\"inLanguage\":\"es\",\"@id\":\"https:\\\/\\\/espaidinversions.com\\\/es\\\/#primaryimage\",\"url\":\"https:\\\/\\\/espaidinversions.com\\\/es\\\/wp-content\\\/uploads\\\/sites\\\/2\\\/Espais-Dinversions_Barra-Separadora.svg\",\"contentUrl\":\"https:\\\/\\\/espaidinversions.com\\\/es\\\/wp-content\\\/uploads\\\/sites\\\/2\\\/Espais-Dinversions_Barra-Separadora.svg\",\"width\":83,\"height\":5},{\"@type\":\"BreadcrumbList\",\"@id\":\"https:\\\/\\\/espaidinversions.com\\\/es\\\/#breadcrumb\",\"itemListElement\":[{\"@type\":\"ListItem\",\"position\":1,\"name\":\"Inici\",\"item\":\"https:\\\/\\\/espaidinversions.com\\\/es\\\/\"},{\"@type\":\"ListItem\",\"position\":2,\"name\":\"Inicio\"}]},{\"@type\":\"WebSite\",\"@id\":\"https:\\\/\\\/espaidinversions.com\\\/es\\\/#website\",\"url\":\"https:\\\/\\\/espaidinversions.com\\\/es\\\/\",\"name\":\"Espai d&#039;Inversions\",\"description\":\"Family Office Catal\u00e0 amb car\u00e0cter emprenedor\",\"publisher\":{\"@id\":\"https:\\\/\\\/espaidinversions.com\\\/es\\\/#organization\"},\"potentialAction\":[{\"@type\":\"SearchAction\",\"target\":{\"@type\":\"EntryPoint\",\"urlTemplate\":\"https:\\\/\\\/espaidinversions.com\\\/es\\\/?s={search_term_string}\"},\"query-input\":{\"@type\":\"PropertyValueSpecification\",\"valueRequired\":true,\"valueName\":\"search_term_string\"}}],\"inLanguage\":\"es\"},{\"@type\":\"Organization\",\"@id\":\"https:\\\/\\\/espaidinversions.com\\\/es\\\/#organization\",\"name\":\"Espai d'Inversions\",\"url\":\"https:\\\/\\\/espaidinversions.com\\\/es\\\/\",\"logo\":{\"@type\":\"ImageObject\",\"inLanguage\":\"es\",\"@id\":\"https:\\\/\\\/espaidinversions.com\\\/es\\\/#\\\/schema\\\/logo\\\/image\\\/\",\"url\":\"https:\\\/\\\/espaidinversions.com\\\/es\\\/wp-content\\\/uploads\\\/sites\\\/2\\\/cropped-Espais-dinversions_Favicon.png\",\"contentUrl\":\"https:\\\/\\\/espaidinversions.com\\\/es\\\/wp-content\\\/uploads\\\/sites\\\/2\\\/cropped-Espais-dinversions_Favicon.png\",\"width\":513,\"height\":512,\"caption\":\"Espai d'Inversions\"},\"image\":{\"@id\":\"https:\\\/\\\/espaidinversions.com\\\/es\\\/#\\\/schema\\\/logo\\\/image\\\/\"}}]}<\/script>\n<!-- \/ Yoast SEO plugin. -->","yoast_head_json":{"title":"Espai d&#039;Inversions | Family Office Catal\u00e0 amb car\u00e0cter emprenedor","description":"ESPAI D\u2019INVERSIONS. Invertimos en negocios que generan valor en la sociedad con visi\u00f3n a largo plazo.","robots":{"index":"index","follow":"follow","max-snippet":"max-snippet:-1","max-image-preview":"max-image-preview:large","max-video-preview":"max-video-preview:-1"},"canonical":"https:\/\/espaidinversions.com\/es\/","og_locale":"es_ES","og_type":"article","og_title":"Espai d&#039;Inversions | Family Office Catal\u00e0 amb car\u00e0cter emprenedor","og_description":"ESPAI D\u2019INVERSIONS. Invertimos en negocios que generan valor en la sociedad con visi\u00f3n a largo plazo.","og_url":"https:\/\/espaidinversions.com\/es\/","og_site_name":"Espai d&#039;Inversions","article_modified_time":"2022-03-23T18:42:37+00:00","og_image":[{"url":"https:\/\/espaidinversions.com\/es\/wp-content\/uploads\/sites\/2\/Espais-Dinversions_Barra-Separadora.svg","type":"","width":"","height":""}],"twitter_card":"summary_large_image","twitter_misc":{"Tiempo de lectura":"2 minutos"},"schema":{"@context":"https:\/\/schema.org","@graph":[{"@type":"WebPage","@id":"https:\/\/espaidinversions.com\/es\/","url":"https:\/\/espaidinversions.com\/es\/","name":"Espai d&#039;Inversions | Family Office Catal\u00e0 amb car\u00e0cter emprenedor","isPartOf":{"@id":"https:\/\/espaidinversions.com\/es\/#website"},"primaryImageOfPage":{"@id":"https:\/\/espaidinversions.com\/es\/#primaryimage"},"image":{"@id":"https:\/\/espaidinversions.com\/es\/#primaryimage"},"thumbnailUrl":"https:\/\/espaidinversions.com\/es\/wp-content\/uploads\/sites\/2\/Espais-Dinversions_Barra-Separadora.svg","datePublished":"2021-09-22T11:39:48+00:00","dateModified":"2022-03-23T18:42:37+00:00","description":"ESPAI D\u2019INVERSIONS. Invertimos en negocios que generan valor en la sociedad con visi\u00f3n a largo plazo.","breadcrumb":{"@id":"https:\/\/espaidinversions.com\/es\/#breadcrumb"},"inLanguage":"es","potentialAction":[{"@type":"ReadAction","target":["https:\/\/espaidinversions.com\/es\/"]}]},{"@type":"ImageObject","inLanguage":"es","@id":"https:\/\/espaidinversions.com\/es\/#primaryimage","url":"https:\/\/espaidinversions.com\/es\/wp-content\/uploads\/sites\/2\/Espais-Dinversions_Barra-Separadora.svg","contentUrl":"https:\/\/espaidinversions.com\/es\/wp-content\/uploads\/sites\/2\/Espais-Dinversions_Barra-Separadora.svg","width":83,"height":5},{"@type":"BreadcrumbList","@id":"https:\/\/espaidinversions.com\/es\/#breadcrumb","itemListElement":[{"@type":"ListItem","position":1,"name":"Inici","item":"https:\/\/espaidinversions.com\/es\/"},{"@type":"ListItem","position":2,"name":"Inicio"}]},{"@type":"WebSite","@id":"https:\/\/espaidinversions.com\/es\/#website","url":"https:\/\/espaidinversions.com\/es\/","name":"Espai d&#039;Inversions","description":"Family Office Catal\u00e0 amb car\u00e0cter emprenedor","publisher":{"@id":"https:\/\/espaidinversions.com\/es\/#organization"},"potentialAction":[{"@type":"SearchAction","target":{"@type":"EntryPoint","urlTemplate":"https:\/\/espaidinversions.com\/es\/?s={search_term_string}"},"query-input":{"@type":"PropertyValueSpecification","valueRequired":true,"valueName":"search_term_string"}}],"inLanguage":"es"},{"@type":"Organization","@id":"https:\/\/espaidinversions.com\/es\/#organization","name":"Espai d'Inversions","url":"https:\/\/espaidinversions.com\/es\/","logo":{"@type":"ImageObject","inLanguage":"es","@id":"https:\/\/espaidinversions.com\/es\/#\/schema\/logo\/image\/","url":"https:\/\/espaidinversions.com\/es\/wp-content\/uploads\/sites\/2\/cropped-Espais-dinversions_Favicon.png","contentUrl":"https:\/\/espaidinversions.com\/es\/wp-content\/uploads\/sites\/2\/cropped-Espais-dinversions_Favicon.png","width":513,"height":512,"caption":"Espai d'Inversions"},"image":{"@id":"https:\/\/espaidinversions.com\/es\/#\/schema\/logo\/image\/"}}]}},"_links":{"self":[{"href":"https:\/\/espaidinversions.com\/es\/wp-json\/wp\/v2\/pages\/2","targetHints":{"allow":["GET"]}}],"collection":[{"href":"https:\/\/espaidinversions.com\/es\/wp-json\/wp\/v2\/pages"}],"about":[{"href":"https:\/\/espaidinversions.com\/es\/wp-json\/wp\/v2\/types\/page"}],"author":[{"embeddable":true,"href":"https:\/\/espaidinversions.com\/es\/wp-json\/wp\/v2\/users\/1"}],"replies":[{"embeddable":true,"href":"https:\/\/espaidinversions.com\/es\/wp-json\/wp\/v2\/comments?post=2"}],"version-history":[{"count":15,"href":"https:\/\/espaidinversions.com\/es\/wp-json\/wp\/v2\/pages\/2\/revisions"}],"predecessor-version":[{"id":739,"href":"https:\/\/espaidinversions.com\/es\/wp-json\/wp\/v2\/pages\/2\/revisions\/739"}],"wp:attachment":[{"href":"https:\/\/espaidinversions.com\/es\/wp-json\/wp\/v2\/media?parent=2"}],"curies":[{"name":"wp","href":"https:\/\/api.w.org\/{rel}","templated":true}]}}